{"id":6456,"date":"2021-12-04T15:25:00","date_gmt":"2021-12-04T14:25:00","guid":{"rendered":"https:\/\/xhyra-entorf.de\/?page_id=6456"},"modified":"2023-10-23T07:57:26","modified_gmt":"2023-10-23T05:57:26","slug":"mesimi-i-gjuhes","status":"publish","type":"page","link":"https:\/\/xhyra-entorf.de\/sq\/mesimi-i-gjuhes\/","title":{"rendered":"M\u00ebsimi i gjuh\u00ebs (Sprachen lernen)"},"content":{"rendered":"\n<style type=\"text\/css\" data-created_by=\"avia_inline_auto\" id=\"style-css-av-libhdtk3-e4b7c1c155017988394321a693b00bf8\">\n#top .av-special-heading.av-libhdtk3-e4b7c1c155017988394321a693b00bf8{\npadding-bottom:10px;\n}\nbody .av-special-heading.av-libhdtk3-e4b7c1c155017988394321a693b00bf8 .av-special-heading-tag .heading-char{\nfont-size:25px;\n}\n.av-special-heading.av-libhdtk3-e4b7c1c155017988394321a693b00bf8 .av-subheading{\nfont-size:15px;\n}\n<\/style>\n<div  class='av-special-heading av-libhdtk3-e4b7c1c155017988394321a693b00bf8 av-special-heading-h1  avia-builder-el-0  el_before_av_one_fourth  avia-builder-el-first '><div id=\"ez-toc-container\" class=\"ez-toc-v2_0_82_2 counter-hierarchy ez-toc-counter ez-toc-grey ez-toc-container-direction\">\n<div class=\"ez-toc-title-container\">\n<p class=\"ez-toc-title ez-toc-toggle\" style=\"cursor:pointer\">Inhalt<\/p>\n<span class=\"ez-toc-title-toggle\"><a href=\"#\" class=\"ez-toc-pull-right ez-toc-btn ez-toc-btn-xs ez-toc-btn-default ez-toc-toggle\" aria-label=\"Toggle Table of Content\"><span class=\"ez-toc-js-icon-con\"><span class=\"\"><span class=\"eztoc-hide\" style=\"display:none;\">Toggle<\/span><span class=\"ez-toc-icon-toggle-span\"><svg style=\"fill: #999;color:#999\" xmlns=\"http:\/\/www.w3.org\/2000\/svg\" class=\"list-377408\" width=\"20px\" height=\"20px\" viewBox=\"0 0 24 24\" fill=\"none\"><path d=\"M6 6H4v2h2V6zm14 0H8v2h12V6zM4 11h2v2H4v-2zm16 0H8v2h12v-2zM4 16h2v2H4v-2zm16 0H8v2h12v-2z\" fill=\"currentColor\"><\/path><\/svg><svg style=\"fill: #999;color:#999\" class=\"arrow-unsorted-368013\" xmlns=\"http:\/\/www.w3.org\/2000\/svg\" width=\"10px\" height=\"10px\" viewBox=\"0 0 24 24\" version=\"1.2\" baseProfile=\"tiny\"><path d=\"M18.2 9.3l-6.2-6.3-6.2 6.3c-.2.2-.3.4-.3.7s.1.5.3.7c.2.2.4.3.7.3h11c.3 0 .5-.1.7-.3.2-.2.3-.5.3-.7s-.1-.5-.3-.7zM5.8 14.7l6.2 6.3 6.2-6.3c.2-.2.3-.5.3-.7s-.1-.5-.3-.7c-.2-.2-.4-.3-.7-.3h-11c-.3 0-.5.1-.7.3-.2.2-.3.5-.3.7s.1.5.3.7z\"\/><\/svg><\/span><\/span><\/span><\/a><\/span><\/div>\n<nav><ul class='ez-toc-list ez-toc-list-level-1 ' ><li class='ez-toc-page-1 ez-toc-heading-level-1'><a class=\"ez-toc-link ez-toc-heading-1\" href=\"https:\/\/xhyra-entorf.de\/sq\/mesimi-i-gjuhes\/#Jonida_Xhyra-Entorf_Mesimi_i_gjuhes\" >Jonida Xhyra-Entorf: M\u00ebsimi i gjuh\u00ebs<\/a><ul class='ez-toc-list-level-3' ><li class='ez-toc-heading-level-3'><ul class='ez-toc-list-level-3' ><li class='ez-toc-heading-level-3'><a class=\"ez-toc-link ez-toc-heading-2\" href=\"https:\/\/xhyra-entorf.de\/sq\/mesimi-i-gjuhes\/#Per_arsye_nga_me_te_ndryshmet_ju_keni_vendosur_te_mesoni_shqip_ose_gjermanisht_dhe_deshironi_qe_mesimi_tu_pershtatet_nevojave_tuaja_personale\" >P\u00ebr arsye nga m\u00eb t\u00eb ndryshmet ju keni vendosur t\u00eb m\u00ebsoni shqip ose gjermanisht dhe d\u00ebshironi q\u00eb m\u00ebsimi t\u2019u p\u00ebrshtatet nevojave tuaja personale?<\/a><\/li><\/ul><\/li><li class='ez-toc-page-1 ez-toc-heading-level-2'><a class=\"ez-toc-link ez-toc-heading-3\" href=\"https:\/\/xhyra-entorf.de\/sq\/mesimi-i-gjuhes\/#Cfare_ofroj_une_per_mesimin_e_gjuheve_shqip_dhe_gjermanisht\" >\u00c7far\u00eb ofroj un\u00eb p\u00ebr m\u00ebsimin e gjuh\u00ebve shqip dhe gjermanisht?<\/a><\/li><li class='ez-toc-page-1 ez-toc-heading-level-2'><a class=\"ez-toc-link ez-toc-heading-4\" href=\"https:\/\/xhyra-entorf.de\/sq\/mesimi-i-gjuhes\/#Si_eshte_i_organizuar_konkretisht_mesimi_per_gjuhet_perkatese\" >Si \u00ebsht\u00eb i organizuar konkretisht m\u00ebsimi p\u00ebr gjuh\u00ebt p\u00ebrkat\u00ebse?<\/a><\/li><li class='ez-toc-page-1 ez-toc-heading-level-2'><a class=\"ez-toc-link ez-toc-heading-5\" href=\"https:\/\/xhyra-entorf.de\/sq\/mesimi-i-gjuhes\/#Mesimi_online\" >M\u00ebsimi online<\/a><\/li><li class='ez-toc-page-1 ez-toc-heading-level-2'><a class=\"ez-toc-link ez-toc-heading-6\" href=\"https:\/\/xhyra-entorf.de\/sq\/mesimi-i-gjuhes\/#Cila_forme_mesimi_eshte_e_pershtatshme_per_mua\" >Cila form\u00eb m\u00ebsimi \u00ebsht\u00eb e p\u00ebrshtatshme p\u00ebr mua?<\/a><\/li><\/ul><\/li><\/ul><\/nav><\/div>\n<h1 class='av-special-heading-tag '  itemprop=\"headline\"  ><span class=\"ez-toc-section\" id=\"Jonida_Xhyra-Entorf_Mesimi_i_gjuhes\"><\/span>Jonida Xhyra-Entorf: M\u00ebsimi i gjuh\u00ebs<span class=\"ez-toc-section-end\"><\/span><\/h1><div class=\"special-heading-border\"><div class=\"special-heading-inner-border\"><\/div><\/div><\/div>\n\n<style type=\"text\/css\" data-created_by=\"avia_inline_auto\" id=\"style-css-av-tekken-f66aed0db01e1dab83e34bb3d9c84c8e\">\n.flex_column.av-tekken-f66aed0db01e1dab83e34bb3d9c84c8e{\nborder-radius:0px 0px 0px 0px;\npadding:0px 0px 0px 0px;\n}\n<\/style>\n<div  class='flex_column av-tekken-f66aed0db01e1dab83e34bb3d9c84c8e av_one_fourth  avia-builder-el-1  el_after_av_heading  el_before_av_two_third  first flex_column_div av-zero-column-padding  '     ><p>\n<style type=\"text\/css\" data-created_by=\"avia_inline_auto\" id=\"style-css-av-kwtek39s-aef9c8555db27f7d36625e6b5d68471a\">\n.avia-image-container.av-kwtek39s-aef9c8555db27f7d36625e6b5d68471a img.avia_image{\nbox-shadow:none;\n}\n.avia-image-container.av-kwtek39s-aef9c8555db27f7d36625e6b5d68471a .av-image-caption-overlay-center{\ncolor:#ffffff;\n}\n<\/style>\n<div  class='avia-image-container av-kwtek39s-aef9c8555db27f7d36625e6b5d68471a av-styling- avia-align-center  avia-builder-el-2  el_before_av_image  avia-builder-el-first '   itemprop=\"image\" itemscope=\"itemscope\" itemtype=\"https:\/\/schema.org\/ImageObject\" ><div class=\"avia-image-container-inner\"><div class=\"avia-image-overlay-wrap\"><img decoding=\"async\" fetchpriority=\"high\" class='wp-image- avia-img-lazy-loading-not- avia_image ' src=\"https:\/\/xhyra-entorf.de\/wp-content\/uploads\/2021\/12\/Klasse-mit-Tafel-400px-1.jpg\" alt='' title=''   itemprop=\"thumbnailUrl\"  \/><\/div><\/div><\/div><br \/>\n\n<style type=\"text\/css\" data-created_by=\"avia_inline_auto\" id=\"style-css-av-libhcxad-fe257680f3d0fc3a53a631694f179ce1\">\n.avia-image-container.av-libhcxad-fe257680f3d0fc3a53a631694f179ce1 img.avia_image{\nbox-shadow:none;\n}\n.avia-image-container.av-libhcxad-fe257680f3d0fc3a53a631694f179ce1 .av-image-caption-overlay-center{\ncolor:#ffffff;\n}\n<\/style>\n<div  class='avia-image-container av-libhcxad-fe257680f3d0fc3a53a631694f179ce1 av-styling- avia-align-center  avia-builder-el-3  el_after_av_image  avia-builder-el-last '   itemprop=\"image\" itemscope=\"itemscope\" itemtype=\"https:\/\/schema.org\/ImageObject\" ><div class=\"avia-image-container-inner\"><div class=\"avia-image-overlay-wrap\"><img decoding=\"async\" fetchpriority=\"high\" class='wp-image-8639 avia-img-lazy-loading-not-8639 avia_image ' src=\"https:\/\/xhyra-entorf.de\/wp-content\/uploads\/2022\/01\/Klasse-mit-Tafel-400px-300x225.jpg\" alt='M\u00ebsimi i gjuh\u00ebs' title='Klasse mit Tafel 400px'  height=\"225\" width=\"300\"  itemprop=\"thumbnailUrl\" srcset=\"https:\/\/xhyra-entorf.de\/wp-content\/uploads\/2022\/01\/Klasse-mit-Tafel-400px-300x225.jpg 300w, https:\/\/xhyra-entorf.de\/wp-content\/uploads\/2022\/01\/Klasse-mit-Tafel-400px.jpg 400w\" sizes=\"(max-width: 300px) 100vw, 300px\" \/><\/div><\/div><\/div><\/p><\/div>\n\n<style type=\"text\/css\" data-created_by=\"avia_inline_auto\" id=\"style-css-av-3mv7qw-702b6c892940a938ecdea04972228abd\">\n.flex_column.av-3mv7qw-702b6c892940a938ecdea04972228abd{\nborder-radius:0px 0px 0px 0px;\npadding:0px 0px 0px 0px;\n}\n<\/style>\n<div  class='flex_column av-3mv7qw-702b6c892940a938ecdea04972228abd av_two_third  avia-builder-el-4  el_after_av_one_fourth  el_before_av_hr  flex_column_div av-zero-column-padding  '     ><section  class='av_textblock_section av-3asrbc-2e257e591fc17b07c2b6961dac108c4e '   itemscope=\"itemscope\" itemtype=\"https:\/\/schema.org\/CreativeWork\" ><div class='avia_textblock'  itemprop=\"text\" ><h3><span class=\"ez-toc-section\" id=\"Per_arsye_nga_me_te_ndryshmet_ju_keni_vendosur_te_mesoni_shqip_ose_gjermanisht_dhe_deshironi_qe_mesimi_tu_pershtatet_nevojave_tuaja_personale\"><\/span>P\u00ebr arsye nga m\u00eb t\u00eb ndryshmet ju keni vendosur t\u00eb m\u00ebsoni shqip ose gjermanisht dhe d\u00ebshironi q\u00eb m\u00ebsimi t\u2019u p\u00ebrshtatet nevojave tuaja personale?<span class=\"ez-toc-section-end\"><\/span><\/h3>\n<p>Arsyet p\u00ebr t\u00eb m\u00ebsuar nj\u00eb gjuh\u00eb t\u00eb huaj mund t\u00eb jen\u00eb private ose profesionale, por p\u00ebr \u00e7do rast m\u00ebsimi i saj ndikon n\u00eb cil\u00ebsin\u00eb e komunikimit, duke rritur k\u00ebsisoj n\u00eb m\u00ebnyr\u00eb t\u00eb ndjeshme shanset p\u00ebr t\u2019u integruar brenda nj\u00eb shoq\u00ebrie. N\u00eb kushtet e zhvillimit europian gjermanishtja po e forcon p\u00ebrher\u00eb e m\u00eb shum\u00eb pozit\u00ebn e saj si gjuh\u00eb e huaj. Nga ana tjet\u00ebr nj\u00eb integrim n\u00eb Europ\u00eb nuk mund t\u00eb mendohet pa marr\u00eb parasysh shum\u00ebgjuh\u00ebsin\u00eb dhe kulturat rajonale europiane, t\u00eb cilat deri para pak koh\u00ebsh ishin pak ose aspak t\u00eb njohura. Kjo perspektiv\u00eb p\u00ebrforcon dhe pozit\u00ebn e gjuh\u00ebs shqipe brenda kuadrit europian.<\/p>\n<\/div><\/section><\/div>\n\n<style type=\"text\/css\" data-created_by=\"avia_inline_auto\" id=\"style-css-av-p6p3pb-710a71dd6ef6381ae067761b3776f9e0\">\n#top .hr.hr-invisible.av-p6p3pb-710a71dd6ef6381ae067761b3776f9e0{\nheight:20px;\n}\n<\/style>\n<div  class='hr av-p6p3pb-710a71dd6ef6381ae067761b3776f9e0 hr-invisible  avia-builder-el-6  el_after_av_two_third  el_before_av_one_full '><span class='hr-inner '><span class=\"hr-inner-style\"><\/span><\/span><\/div>\n\n<style type=\"text\/css\" data-created_by=\"avia_inline_auto\" id=\"style-css-av-8i7ayn-43cf2a9aa4a2c25f00b3e60db110549e\">\n.flex_column.av-8i7ayn-43cf2a9aa4a2c25f00b3e60db110549e{\nborder-radius:0px 0px 0px 0px;\npadding:0px 0px 0px 0px;\n}\n<\/style>\n<div  class='flex_column av-8i7ayn-43cf2a9aa4a2c25f00b3e60db110549e av_one_full  avia-builder-el-7  el_after_av_hr  el_before_av_button  first flex_column_div av-zero-column-padding  '     ><section  class='av_textblock_section av-7g5x4f-0701f89760f0b9419ae06f387e1f1fc1 '   itemscope=\"itemscope\" itemtype=\"https:\/\/schema.org\/CreativeWork\" ><div class='avia_textblock'  itemprop=\"text\" ><h2 id=\"SprAnbieten\"><span class=\"ez-toc-section\" id=\"Cfare_ofroj_une_per_mesimin_e_gjuheve_shqip_dhe_gjermanisht\"><\/span>\u00c7far\u00eb ofroj un\u00eb p\u00ebr m\u00ebsimin e gjuh\u00ebve shqip dhe gjermanisht?<span class=\"ez-toc-section-end\"><\/span><\/h2>\n<\/div><\/section><br \/>\n<section  class='av_textblock_section av-5au52n-8a448a9df3596893fcac27a2f3e7ac83 '   itemscope=\"itemscope\" itemtype=\"https:\/\/schema.org\/CreativeWork\" ><div class='avia_textblock'  itemprop=\"text\" ><ul>\n<li>Arsimim shkencor dhe didaktik n\u00eb nivel akademik p\u00ebr t\u00eb dyja gjuh\u00ebt dhe n\u00eb t\u00eb dy vendet si dhe mbrojtjen e doktorat\u00ebs n\u00eb shkencat filologjike n\u00eb Universitetin \u201eLudwig-Maximilian\u201d t\u00eb Mynihut.<\/li>\n<li>P\u00ebrvoj\u00eb disavje\u00e7are n\u00eb universitete t\u00eb ndryshme europiane, n\u00eb institucione p\u00ebr arsimimin e m\u00ebtejsh\u00ebm t\u00eb t\u00eb rriturve si dhe n\u00eb shkolla t\u00eb ndryshme private p\u00ebr m\u00ebsimin e gjuh\u00ebve t\u00eb huaja.<\/li>\n<li>P\u00ebrvoj\u00eb 25 vje\u00e7are n\u00eb m\u00ebsimdh\u00ebnie p\u00ebr f\u00ebmij\u00eb dhe t\u00eb rritur.<\/li>\n<li>Inkuadrimin e kompetenc\u00ebs s\u00eb nevojshme nd\u00ebrkulturore n\u00eb m\u00ebsimdh\u00ebnie<\/li>\n<li>Mund\u00ebsin\u00eb e m\u00ebsimit individual ose n\u00eb grupe.<\/li>\n<li>Kurse n\u00eb nivel fillestar apo t\u00eb p\u00ebrparuar ose n\u00eb nivele t\u00eb nd\u00ebrmjetme.<\/li>\n<li>Rifreskim dhe organizim t\u00eb njohurive t\u00eb fituara m\u00eb par\u00eb.<\/li>\n<li>M\u00ebsimdh\u00ebnie t\u00eb p\u00ebrshtatur individualisht n\u00eb p\u00ebrmbajtje, v\u00ebllim dhe denduri.<\/li>\n<li>P\u00ebrmir\u00ebsim t\u00eb kompetenc\u00ebs s\u00eb folur p\u00ebrmes kurseve bashk\u00ebbiseduese.<\/li>\n<li>Parap\u00ebrgatitje p\u00ebr kurset e integracionit dhe teste t\u00eb niveleve t\u00eb ndryshme, duke qen\u00eb e licencuar si m\u00ebsuese p\u00ebr gjermanishten si gjuh\u00eb e dyt\u00eb e huaj pran\u00eb BAMF-it (<a href=\"https:\/\/www.bamf.de\/EN\/Startseite\/startseite_node.html\" target=\"_blank\" rel=\"noopener\">http:\/\/www.bamf.de<\/a>) dhe si testuese pran\u00eb Telc-ut (<a href=\"http:\/\/www.telc.net\/\" target=\"_blank\" rel=\"noopener\">http:\/\/www.telc.net\/<\/a>) p\u00ebr nivelet A2-B1, B1-B2 si dhe B2-C1 p\u00ebr mjek\u00ebsi\/infermieri.<\/li>\n<li>Kurse parap\u00ebrgatitore p\u00ebr nx\u00ebn\u00ebs q\u00eb kan\u00eb zgjedhur shqipen si gjuh\u00eb t\u00eb dyt\u00eb t\u00eb huaj, duke qen\u00eb e angazhuar pran\u00eb Ministris\u00eb Bavareze t\u00eb Kultur\u00ebs si testuese p\u00ebr njohurit\u00eb e shqipes n\u00eb k\u00ebt\u00eb nivel dhe p\u00ebr k\u00ebt\u00eb grupmosh\u00eb.<\/li>\n<\/ul>\n<\/div><\/section><br \/>\n<section  class='av_textblock_section av-422cdr-427b417a78e211515d23b969be1fb163 '   itemscope=\"itemscope\" itemtype=\"https:\/\/schema.org\/CreativeWork\" ><div class='avia_textblock'  itemprop=\"text\" ><h2><span class=\"ez-toc-section\" id=\"Si_eshte_i_organizuar_konkretisht_mesimi_per_gjuhet_perkatese\"><\/span>Si \u00ebsht\u00eb i organizuar konkretisht m\u00ebsimi p\u00ebr gjuh\u00ebt p\u00ebrkat\u00ebse?<span class=\"ez-toc-section-end\"><\/span><\/h2>\n<\/div><\/section><br \/>\n<section  class='av_textblock_section av-kwrwt8af-9c349b84f96b6c6275ccbc51bf149336 '   itemscope=\"itemscope\" itemtype=\"https:\/\/schema.org\/CreativeWork\" ><div class='avia_textblock'  itemprop=\"text\" ><p>M\u00ebsimi \u00ebsht\u00eb i konceptuar si nj\u00eb g\u00ebrshetim i njohurive aktive dhe pasive, duke mund\u00ebsuar k\u00ebsisoj edhe p\u00ebrcjelljen e njohurive gramatikore baz\u00eb deri n\u00eb mas\u00ebn e duhur p\u00ebr nj\u00eb komunikim t\u00eb kuptuesh\u00ebm e t\u00eb pavarur. P\u00ebrvoja e gjat\u00eb n\u00eb m\u00ebsimdh\u00ebnie m\u00eb lejon q\u00eb individualisht t\u00eb p\u00ebrdor dhe t\u00eb kombinoj n\u00eb m\u00ebsim sipas niveleve p\u00ebrkat\u00ebse materiale t\u00eb marra nga libra t\u00eb ndrysh\u00ebm p\u00ebr m\u00ebsimin e gjuh\u00ebve shqip dhe gjermanisht, t\u00eb b\u00ebj p\u00ebrshtatjen dhe riorganizimin e tyre, p\u00ebr m\u00eb tep\u00ebr kur \u00ebsht\u00eb fjala p\u00ebr m\u00ebsimin e gjuh\u00ebs shqipe, p\u00ebr m\u00ebsimin e s\u00eb cil\u00ebs materialet didaktike jan\u00eb t\u00eb pakta. Nga ana tjet\u00ebr p\u00ebrdorimi i mediave bashk\u00ebkohore, i pashmangsh\u00ebm dhe i mundur p\u00ebr t\u00eb gjith\u00eb n\u00eb koh\u00ebn e sotme, e leht\u00ebson ndjesh\u00ebm organizimin e m\u00ebsimit. P\u00ebrzgjedhja e teksteve dhe autor\u00ebve b\u00ebhet duke pasur parasysh aspektet kulturore dhe historike p\u00ebr t\u00eb dyja vendet, n\u00eb m\u00ebnyr\u00eb q\u00eb p\u00ebrmes gjuh\u00ebs t\u00eb mund\u00ebsohet nj\u00eb dije e p\u00ebrgjithshme p\u00ebr kulturat p\u00ebrkat\u00ebse, duke i m\u00ebshuar k\u00ebshtu kompetenc\u00ebs kulturore, aq t\u00eb r\u00ebnd\u00ebsishme p\u00ebr nj\u00eb komunikim t\u00eb p\u00ebrshtatsh\u00ebm.<\/p>\n<\/div><\/section><br \/>\n<section  class='av_textblock_section av-kmz6lcw1-d70efd40be68422d4d8fee077afb1a0a '   itemscope=\"itemscope\" itemtype=\"https:\/\/schema.org\/CreativeWork\" ><div class='avia_textblock'  itemprop=\"text\" ><h2><span class=\"ez-toc-section\" id=\"Mesimi_online\"><\/span>M\u00ebsimi online<span class=\"ez-toc-section-end\"><\/span><\/h2>\n<\/div><\/section><br \/>\n<section  class='av_textblock_section av-kmz6lniy-69f1839e4e889b70afbd963d406ff921 '   itemscope=\"itemscope\" itemtype=\"https:\/\/schema.org\/CreativeWork\" ><div class='avia_textblock'  itemprop=\"text\" ><p>M\u00ebsimi <em>online<\/em> ofron fleksibilitet dhe \u00ebsht\u00eb i p\u00ebrshtatsh\u00ebm si p\u00ebr fillestar\u00eb ashtu edhe p\u00ebr t\u00eb p\u00ebrparuar, q\u00eb synojn\u00eb p\u00ebrvet\u00ebsimin apo thellimin e njohurive gjuh\u00ebsore. M\u00ebsimdh\u00ebnia e organizuar <em>online<\/em> lejon p\u00ebrcjelljen e njohurive p\u00ebrmes mediave moderne interaktive, duke ofruar komoditetin e nj\u00eb komunikimi q\u00eb \u00ebsht\u00eb i pavarur nga larg\u00ebsit\u00eb kilometrike. Edhe kjo form\u00eb e m\u00ebsimdh\u00ebnies mund t\u00eb p\u00ebrshtatet sipas d\u00ebshir\u00ebs n\u00eb form\u00ebn e nj\u00eb bashk\u00ebbisedimi, si organizim kritik i njohurive t\u00eb fituara m\u00eb par\u00eb apo si pun\u00eb me tekste t\u00eb p\u00ebrzgjedhura mbi baz\u00ebn e materialeve t\u00eb konceptuara prej meje. P\u00ebrmbajtja e kursit dhe denduria e tij u p\u00ebrshtaten konkretisht nevojave individuale e synimeve t\u00eb interesent\u00ebve (qofshin k\u00ebta individ\u00eb apo grupe).<\/p>\n<p>Komunikimi funksionon <em>via Skype<\/em> (<a href=\"https:\/\/www.skype.com\/\" target=\"_blank\" rel=\"noopener\">https:\/\/www.skype.com\/<\/a>), <em>Zoom <\/em>(<a href=\"https:\/\/www.zoom.us\/\" target=\"_blank\" rel=\"noopener\">https:\/\/www.zoom.us\/<\/a>) ose sipas d\u00ebshir\u00ebs vizualisht p\u00ebrmes videos. P\u00ebrmes integrimit t\u00eb funksionit <em>chat<\/em> ose t\u00eb whiteboard-it mund t\u00eb p\u00ebrfshihet n\u00eb m\u00ebsim dhe t\u00eb shkruarit e korrigjimi p\u00ebrkat\u00ebs.<\/p>\n<\/div><\/section><br \/>\n<section  class='av_textblock_section av-kwrwp5ln-2b2b48b0a91e758f88fe425fb55a7c7b '   itemscope=\"itemscope\" itemtype=\"https:\/\/schema.org\/CreativeWork\" ><div class='avia_textblock'  itemprop=\"text\" ><h2><span class=\"ez-toc-section\" id=\"Cila_forme_mesimi_eshte_e_pershtatshme_per_mua\"><\/span>Cila form\u00eb m\u00ebsimi \u00ebsht\u00eb e p\u00ebrshtatshme p\u00ebr mua?<span class=\"ez-toc-section-end\"><\/span><\/h2>\n<\/div><\/section><br \/>\n<section  class='av_textblock_section av-kwrwpfaw-635640f6c14a86aaf961fc3153ce9de9 '   itemscope=\"itemscope\" itemtype=\"https:\/\/schema.org\/CreativeWork\" ><div class='avia_textblock'  itemprop=\"text\" ><p>Ju lutem m\u00eb telefononi, n\u00eb m\u00ebnyr\u00eb q\u00eb t\u00eb kem mund\u00ebsin\u00eb t\u2019ju k\u00ebshilloj konkretisht dhe individualisht.<\/p>\n<\/div><\/section><\/p><\/div>\n<div  class='avia-button-wrap av-liby2x80-6ea899b8c863511ab917e7a78683c694-wrap avia-button-center  avia-builder-el-16  el_after_av_one_full  avia-builder-el-last '><a href=\"https:\/\/xhyra-entorf.de\/sq\/\" class=\"avia-button av-liby2x80-6ea899b8c863511ab917e7a78683c694 av-link-btn avia-icon_select-yes-left-icon avia-size-small avia-position-center avia-color-theme-color\" aria-label=\"Homepage\"><span class='avia_button_icon avia_button_icon_left avia-iconfont avia-font-entypo-fontello' data-av_icon='\ue821' data-av_iconfont='entypo-fontello' ><\/span><span class='avia_iconbox_title' >Homepage<\/span><\/a><\/div>\n","protected":false},"excerpt":{"rendered":"","protected":false},"author":1,"featured_media":0,"parent":0,"menu_order":0,"comment_status":"closed","ping_status":"closed","template":"","meta":{"footnotes":""},"class_list":["post-6456","page","type-page","status-publish","hentry"],"_links":{"self":[{"href":"https:\/\/xhyra-entorf.de\/sq\/wp-json\/wp\/v2\/pages\/6456","targetHints":{"allow":["GET"]}}],"collection":[{"href":"https:\/\/xhyra-entorf.de\/sq\/wp-json\/wp\/v2\/pages"}],"about":[{"href":"https:\/\/xhyra-entorf.de\/sq\/wp-json\/wp\/v2\/types\/page"}],"author":[{"embeddable":true,"href":"https:\/\/xhyra-entorf.de\/sq\/wp-json\/wp\/v2\/users\/1"}],"replies":[{"embeddable":true,"href":"https:\/\/xhyra-entorf.de\/sq\/wp-json\/wp\/v2\/comments?post=6456"}],"version-history":[{"count":1,"href":"https:\/\/xhyra-entorf.de\/sq\/wp-json\/wp\/v2\/pages\/6456\/revisions"}],"predecessor-version":[{"id":9932,"href":"https:\/\/xhyra-entorf.de\/sq\/wp-json\/wp\/v2\/pages\/6456\/revisions\/9932"}],"wp:attachment":[{"href":"https:\/\/xhyra-entorf.de\/sq\/wp-json\/wp\/v2\/media?parent=6456"}],"curies":[{"name":"wp","href":"https:\/\/api.w.org\/{rel}","templated":true}]}}