{"id":6426,"date":"2021-12-04T15:01:34","date_gmt":"2021-12-04T14:01:34","guid":{"rendered":"https:\/\/xhyra-entorf.de\/?page_id=6426"},"modified":"2023-10-23T07:56:42","modified_gmt":"2023-10-23T05:56:42","slug":"qualifikation","status":"publish","type":"page","link":"https:\/\/xhyra-entorf.de\/sq\/qualifikation\/","title":{"rendered":"Kualifikimi im shkencor (Qualifikation)"},"content":{"rendered":"\n<style type=\"text\/css\" data-created_by=\"avia_inline_auto\" id=\"style-css-av-uqm942-0ff96647dbbf451a0fee230184f61649\">\n.flex_column.av-uqm942-0ff96647dbbf451a0fee230184f61649{\nborder-radius:0px 0px 0px 0px;\npadding:0px 0px 0px 0px;\n}\n<\/style>\n<div  class='flex_column av-uqm942-0ff96647dbbf451a0fee230184f61649 av_one_full  avia-builder-el-0  el_before_av_one_fifth  avia-builder-el-first  first flex_column_div av-zero-column-padding  '     ><style type=\"text\/css\" data-created_by=\"avia_inline_auto\" id=\"style-css-av-tcoew2-fb7057af95531c428c5e6bdf876d396e\">\n#top .av-special-heading.av-tcoew2-fb7057af95531c428c5e6bdf876d396e{\npadding-bottom:10px;\n}\nbody .av-special-heading.av-tcoew2-fb7057af95531c428c5e6bdf876d396e .av-special-heading-tag .heading-char{\nfont-size:25px;\n}\n.av-special-heading.av-tcoew2-fb7057af95531c428c5e6bdf876d396e .av-subheading{\nfont-size:10px;\n}\n<\/style>\n<div  class='av-special-heading av-tcoew2-fb7057af95531c428c5e6bdf876d396e av-special-heading-h3  avia-builder-el-1  avia-builder-el-no-sibling '><div id=\"ez-toc-container\" class=\"ez-toc-v2_0_82_2 counter-hierarchy ez-toc-counter ez-toc-grey ez-toc-container-direction\">\n<div class=\"ez-toc-title-container\">\n<p class=\"ez-toc-title ez-toc-toggle\" style=\"cursor:pointer\">Inhalt<\/p>\n<span class=\"ez-toc-title-toggle\"><a href=\"#\" class=\"ez-toc-pull-right ez-toc-btn ez-toc-btn-xs ez-toc-btn-default ez-toc-toggle\" aria-label=\"Toggle Table of Content\"><span class=\"ez-toc-js-icon-con\"><span class=\"\"><span class=\"eztoc-hide\" style=\"display:none;\">Toggle<\/span><span class=\"ez-toc-icon-toggle-span\"><svg style=\"fill: #999;color:#999\" xmlns=\"http:\/\/www.w3.org\/2000\/svg\" class=\"list-377408\" width=\"20px\" height=\"20px\" viewBox=\"0 0 24 24\" fill=\"none\"><path d=\"M6 6H4v2h2V6zm14 0H8v2h12V6zM4 11h2v2H4v-2zm16 0H8v2h12v-2zM4 16h2v2H4v-2zm16 0H8v2h12v-2z\" fill=\"currentColor\"><\/path><\/svg><svg style=\"fill: #999;color:#999\" class=\"arrow-unsorted-368013\" xmlns=\"http:\/\/www.w3.org\/2000\/svg\" width=\"10px\" height=\"10px\" viewBox=\"0 0 24 24\" version=\"1.2\" baseProfile=\"tiny\"><path d=\"M18.2 9.3l-6.2-6.3-6.2 6.3c-.2.2-.3.4-.3.7s.1.5.3.7c.2.2.4.3.7.3h11c.3 0 .5-.1.7-.3.2-.2.3-.5.3-.7s-.1-.5-.3-.7zM5.8 14.7l6.2 6.3 6.2-6.3c.2-.2.3-.5.3-.7s-.1-.5-.3-.7c-.2-.2-.4-.3-.7-.3h-11c-.3 0-.5.1-.7.3-.2.2-.3.5-.3.7s.1.5.3.7z\"\/><\/svg><\/span><\/span><\/span><\/a><\/span><\/div>\n<nav><ul class='ez-toc-list ez-toc-list-level-1 ' ><li class='ez-toc-page-1 ez-toc-heading-level-3'><a class=\"ez-toc-link ez-toc-heading-1\" href=\"https:\/\/xhyra-entorf.de\/sq\/qualifikation\/#Kualifikimi_im_shkencor\" >Kualifikimi im shkencor<\/a><\/li><li class='ez-toc-page-1 ez-toc-heading-level-3'><a class=\"ez-toc-link ez-toc-heading-2\" href=\"https:\/\/xhyra-entorf.de\/sq\/qualifikation\/#Perkthimi_me_shkrim_dhe_me_goje\" >P\u00ebrkthimi me shkrim dhe me goj\u00eb<\/a><\/li><li class='ez-toc-page-1 ez-toc-heading-level-3'><a class=\"ez-toc-link ez-toc-heading-3\" href=\"https:\/\/xhyra-entorf.de\/sq\/qualifikation\/#Mesimdhenia\" >M\u00ebsimdh\u00ebnia<\/a><\/li><li class='ez-toc-page-1 ez-toc-heading-level-3'><a class=\"ez-toc-link ez-toc-heading-4\" href=\"https:\/\/xhyra-entorf.de\/sq\/qualifikation\/#Kualifikimi_shkencor\" >Kualifikimi shkencor<\/a><\/li><\/ul><\/nav><\/div>\n<h3 class='av-special-heading-tag '  itemprop=\"headline\"  ><span class=\"ez-toc-section\" id=\"Kualifikimi_im_shkencor\"><\/span>Kualifikimi im shkencor<span class=\"ez-toc-section-end\"><\/span><\/h3><div class=\"special-heading-border\"><div class=\"special-heading-inner-border\"><\/div><\/div><\/div><\/div>\n\n<style type=\"text\/css\" data-created_by=\"avia_inline_auto\" id=\"style-css-av-o9vhb6-ba7ee285b021c52f8ccafdf3e857452e\">\n.flex_column.av-o9vhb6-ba7ee285b021c52f8ccafdf3e857452e{\nborder-radius:0px 0px 0px 0px;\npadding:0px 0px 0px 0px;\n}\n<\/style>\n<div  class='flex_column av-o9vhb6-ba7ee285b021c52f8ccafdf3e857452e av_one_fifth  avia-builder-el-2  el_after_av_one_full  el_before_av_three_fourth  first flex_column_div av-zero-column-padding  column-top-margin'     ><style type=\"text\/css\" data-created_by=\"avia_inline_auto\" id=\"style-css-av-kwtefy1g-2a25ceb86d3071d6087e25e2ab7e1191\">\n.avia-image-container.av-kwtefy1g-2a25ceb86d3071d6087e25e2ab7e1191 img.avia_image{\nbox-shadow:none;\n}\n.avia-image-container.av-kwtefy1g-2a25ceb86d3071d6087e25e2ab7e1191 .av-image-caption-overlay-center{\ncolor:#ffffff;\n}\n<\/style>\n<div  class='avia-image-container av-kwtefy1g-2a25ceb86d3071d6087e25e2ab7e1191 av-styling- avia-align-center  avia-builder-el-3  avia-builder-el-no-sibling '   itemprop=\"image\" itemscope=\"itemscope\" itemtype=\"https:\/\/schema.org\/ImageObject\" ><div class=\"avia-image-container-inner\"><div class=\"avia-image-overlay-wrap\"><img decoding=\"async\" fetchpriority=\"high\" class='wp-image-5576 avia-img-lazy-loading-not-5576 avia_image ' src=\"https:\/\/xhyra-entorf.de\/wp-content\/uploads\/2020\/05\/BDUE-Mitgliedslogo_lang_de.png\" alt='' title='BDUE Mitgliedslogo_lang_de'  height=\"80\" width=\"331\"  itemprop=\"thumbnailUrl\" srcset=\"https:\/\/xhyra-entorf.de\/wp-content\/uploads\/2020\/05\/BDUE-Mitgliedslogo_lang_de.png 331w, https:\/\/xhyra-entorf.de\/wp-content\/uploads\/2020\/05\/BDUE-Mitgliedslogo_lang_de-300x73.png 300w\" sizes=\"(max-width: 331px) 100vw, 331px\" \/><\/div><\/div><\/div><\/div>\n\n<style type=\"text\/css\" data-created_by=\"avia_inline_auto\" id=\"style-css-av-7s3asa-0e95abebffe124c0db281082e02c65da\">\n.flex_column.av-7s3asa-0e95abebffe124c0db281082e02c65da{\nborder-radius:0px 0px 0px 0px;\npadding:0px 0px 0px 0px;\n}\n<\/style>\n<div  class='flex_column av-7s3asa-0e95abebffe124c0db281082e02c65da av_three_fourth  avia-builder-el-4  el_after_av_one_fifth  el_before_av_one_fifth  flex_column_div av-zero-column-padding  column-top-margin'     ><section  class='av_textblock_section av-63rvhm-464abec3e43d7d56378df9a6802bd070 '   itemscope=\"itemscope\" itemtype=\"https:\/\/schema.org\/CreativeWork\" ><div class='avia_textblock'  itemprop=\"text\" ><h3><span class=\"ez-toc-section\" id=\"Perkthimi_me_shkrim_dhe_me_goje\"><\/span>P\u00ebrkthimi me shkrim dhe me goj\u00eb<span class=\"ez-toc-section-end\"><\/span><\/h3>\n<ul>\n<li>P\u00ebrkthyese dhe interprete e autorizuar dhe e betuar p\u00ebr kombinimet shqip-gjermanisht dhe gjermanisht-shqip<\/li>\n<li>An\u00ebtare n\u00eb Shoqat\u00ebn Gjermane t\u00eb P\u00ebrkthyesve (BD\u00dc)<\/li>\n<li>P\u00ebrvoj\u00eb 25 vje\u00e7are p\u00ebr gjuh\u00ebt dhqip dhe gjermanisht<\/li>\n<\/ul>\n<\/div><\/section><\/div>\n\n<style type=\"text\/css\" data-created_by=\"avia_inline_auto\" id=\"style-css-av-hmwiiq-bca7f1621314fc8f87f2ac024dbfb175\">\n.flex_column.av-hmwiiq-bca7f1621314fc8f87f2ac024dbfb175{\nborder-radius:0px 0px 0px 0px;\npadding:0px 0px 0px 0px;\n}\n<\/style>\n<div  class='flex_column av-hmwiiq-bca7f1621314fc8f87f2ac024dbfb175 av_one_fifth  avia-builder-el-6  el_after_av_three_fourth  el_before_av_three_fourth  first flex_column_div av-zero-column-padding  column-top-margin'     ><p>\n<style type=\"text\/css\" data-created_by=\"avia_inline_auto\" id=\"style-css-av-kwteg6ca-cf116e58fd245dec070e3e6965174123\">\n.avia-image-container.av-kwteg6ca-cf116e58fd245dec070e3e6965174123 img.avia_image{\nbox-shadow:none;\n}\n.avia-image-container.av-kwteg6ca-cf116e58fd245dec070e3e6965174123 .av-image-caption-overlay-center{\ncolor:#ffffff;\n}\n<\/style>\n<div  class='avia-image-container av-kwteg6ca-cf116e58fd245dec070e3e6965174123 av-styling- avia-align-center  avia-builder-el-7  el_before_av_image  avia-builder-el-first '   itemprop=\"image\" itemscope=\"itemscope\" itemtype=\"https:\/\/schema.org\/ImageObject\" ><div class=\"avia-image-container-inner\"><div class=\"avia-image-overlay-wrap\"><img decoding=\"async\" fetchpriority=\"high\" class='wp-image- avia-img-lazy-loading-not- avia_image ' src=\"https:\/\/xhyra-entorf.de\/wp-content\/uploads\/2021\/12\/Klasse-mit-Tafel-400px-1.jpg\" alt='' title=''   itemprop=\"thumbnailUrl\"  \/><\/div><\/div><\/div><br \/>\n\n<style type=\"text\/css\" data-created_by=\"avia_inline_auto\" id=\"style-css-av-kxxkjmn5-68843df954e7cbdcb7081e10e791916d\">\n.avia-image-container.av-kxxkjmn5-68843df954e7cbdcb7081e10e791916d img.avia_image{\nbox-shadow:none;\n}\n.avia-image-container.av-kxxkjmn5-68843df954e7cbdcb7081e10e791916d .av-image-caption-overlay-center{\ncolor:#ffffff;\n}\n<\/style>\n<div  class='avia-image-container av-kxxkjmn5-68843df954e7cbdcb7081e10e791916d av-styling- avia-align-center  avia-builder-el-8  el_after_av_image  avia-builder-el-last '   itemprop=\"image\" itemscope=\"itemscope\" itemtype=\"https:\/\/schema.org\/ImageObject\" ><div class=\"avia-image-container-inner\"><div class=\"avia-image-overlay-wrap\"><img decoding=\"async\" fetchpriority=\"high\" class='wp-image-8639 avia-img-lazy-loading-not-8639 avia_image ' src=\"https:\/\/xhyra-entorf.de\/wp-content\/uploads\/2022\/01\/Klasse-mit-Tafel-400px-300x225.jpg\" alt='' title='Klasse mit Tafel 400px'  height=\"225\" width=\"300\"  itemprop=\"thumbnailUrl\" srcset=\"https:\/\/xhyra-entorf.de\/wp-content\/uploads\/2022\/01\/Klasse-mit-Tafel-400px-300x225.jpg 300w, https:\/\/xhyra-entorf.de\/wp-content\/uploads\/2022\/01\/Klasse-mit-Tafel-400px.jpg 400w\" sizes=\"(max-width: 300px) 100vw, 300px\" \/><\/div><\/div><\/div><\/p><\/div>\n\n<style type=\"text\/css\" data-created_by=\"avia_inline_auto\" id=\"style-css-av-3oxswq-85f48c216615dc79884726e16f25bdb7\">\n.flex_column.av-3oxswq-85f48c216615dc79884726e16f25bdb7{\nborder-radius:0px 0px 0px 0px;\npadding:0px 0px 0px 0px;\n}\n<\/style>\n<div  class='flex_column av-3oxswq-85f48c216615dc79884726e16f25bdb7 av_three_fourth  avia-builder-el-9  el_after_av_one_fifth  el_before_av_one_fifth  flex_column_div av-zero-column-padding  column-top-margin'     ><section  class='av_textblock_section av-23b1ju-23ece4a5a2b48d1d7ac1d486bd7c9b99 '   itemscope=\"itemscope\" itemtype=\"https:\/\/schema.org\/CreativeWork\" ><div class='avia_textblock'  itemprop=\"text\" ><h3><span class=\"ez-toc-section\" id=\"Mesimdhenia\"><\/span>M\u00ebsimdh\u00ebnia<span class=\"ez-toc-section-end\"><\/span><\/h3>\n<ul>\n<li>M\u00ebsuese e certifikuar nga <em>Zyra Federale p\u00ebr Migracionin dhe Refugjat\u00ebt<\/em> (BAMF)<\/li>\n<li>Nivel shum\u00eb i lart\u00eb p\u00ebr kombinimet shqip-gjermanisht dhe gjermanisht-shqip, botime n\u00eb shqip dhe gjermanisht<\/li>\n<li>Recensuese p\u00ebr punime magistrature pran\u00eb<em> Universitetit Ruprecht-Karl<\/em> t\u00eb Heilderberg-ut<\/li>\n<li>Testuese e em\u00ebruar nga<em> Ministria Bavareze e Kultur\u00ebs<\/em> (Bayerisches Kultusministerium) p\u00ebr shqipen si gjuh\u00eb e dyt\u00eb e huaj<\/li>\n<li>Testuese e certifikuar p\u00ebr disa nivele nga <em>Telc<\/em><\/li>\n<\/ul>\n<\/div><\/section><\/div>\n\n<style type=\"text\/css\" data-created_by=\"avia_inline_auto\" id=\"style-css-av-7pdi1e-dd626ec71be688abc41dc61f8a381a41\">\n.flex_column.av-7pdi1e-dd626ec71be688abc41dc61f8a381a41{\nborder-radius:0px 0px 0px 0px;\npadding:0px 0px 0px 0px;\n}\n<\/style>\n<div  class='flex_column av-7pdi1e-dd626ec71be688abc41dc61f8a381a41 av_one_fifth  avia-builder-el-11  el_after_av_three_fourth  el_before_av_three_fourth  first flex_column_div av-zero-column-padding  column-top-margin'     ><style type=\"text\/css\" data-created_by=\"avia_inline_auto\" id=\"style-css-av-61mv76-b5c41870f5f301e71dc20781c56c8a29\">\n.avia-image-container.av-61mv76-b5c41870f5f301e71dc20781c56c8a29 img.avia_image{\nbox-shadow:none;\n}\n.avia-image-container.av-61mv76-b5c41870f5f301e71dc20781c56c8a29 .av-image-caption-overlay-center{\ncolor:#ffffff;\n}\n<\/style>\n<div  class='avia-image-container av-61mv76-b5c41870f5f301e71dc20781c56c8a29 av-styling- avia-align-center  avia-builder-el-12  avia-builder-el-no-sibling '   itemprop=\"image\" itemscope=\"itemscope\" itemtype=\"https:\/\/schema.org\/ImageObject\" ><div class=\"avia-image-container-inner\"><div class=\"avia-image-overlay-wrap\"><img decoding=\"async\" fetchpriority=\"high\" class='wp-image-5181 avia-img-lazy-loading-not-5181 avia_image ' src=\"https:\/\/xhyra-entorf.de\/wp-content\/uploads\/2020\/01\/Doktorhut-400px-1.jpg\" alt='' title='Doktorhut 400px'  height=\"252\" width=\"400\"  itemprop=\"thumbnailUrl\" srcset=\"https:\/\/xhyra-entorf.de\/wp-content\/uploads\/2020\/01\/Doktorhut-400px-1.jpg 400w, https:\/\/xhyra-entorf.de\/wp-content\/uploads\/2020\/01\/Doktorhut-400px-1-300x189.jpg 300w\" sizes=\"(max-width: 400px) 100vw, 400px\" \/><\/div><\/div><\/div><\/div>\n\n<style type=\"text\/css\" data-created_by=\"avia_inline_auto\" id=\"style-css-av-4l4v2q-493f1fe7b97859fec91e6485ad9415b4\">\n.flex_column.av-4l4v2q-493f1fe7b97859fec91e6485ad9415b4{\nborder-radius:0px 0px 0px 0px;\npadding:0px 0px 0px 0px;\n}\n<\/style>\n<div  class='flex_column av-4l4v2q-493f1fe7b97859fec91e6485ad9415b4 av_three_fourth  avia-builder-el-13  el_after_av_one_fifth  el_before_av_button  flex_column_div av-zero-column-padding  column-top-margin'     ><section  class='av_textblock_section av-2oksrm-417147cdd884eca39e1d90ca71feef30 '   itemscope=\"itemscope\" itemtype=\"https:\/\/schema.org\/CreativeWork\" ><div class='avia_textblock'  itemprop=\"text\" ><h3><span class=\"ez-toc-section\" id=\"Kualifikimi_shkencor\"><\/span>Kualifikimi shkencor<span class=\"ez-toc-section-end\"><\/span><\/h3>\n<ul>\n<li>Diplomuar n\u00eb deg\u00ebt gjuh\u00eb dhe let\u00ebrsi shqipe n\u00eb Shqip\u00ebri<\/li>\n<li>Diplomuar n\u00eb deg\u00ebt albanologji, germanistik\u00eb dhe let\u00ebrsi e krahasuar n\u00eb Gjermani<\/li>\n<li>Doktore e shkencave filologjike n\u00eb fush\u00ebn e albanologjis\u00eb (Universiteti i Mynihut\/GER)<\/li>\n<li>Profesore e asociuar p\u00ebr gjermanisht n\u00eb Universitetin e Elbasanit<\/li>\n<li>Botime t\u00eb ndryshme shkencore (shikoni m\u00eb posht\u00eb)<\/li>\n<\/ul>\n<\/div><\/section><\/div>\n<div  class='avia-button-wrap av-libxy74e-45c73c4c99bf30aced22ec1ac2b0980b-wrap avia-button-center  avia-builder-el-15  el_after_av_three_fourth  avia-builder-el-last '><a href='https:\/\/xhyra-entorf.de\/sq\/'  class='avia-button av-libxy74e-45c73c4c99bf30aced22ec1ac2b0980b av-link-btn avia-icon_select-yes-left-icon avia-size-small avia-position-center avia-color-theme-color'   aria-label=\"Homepage\"><span class='avia_button_icon avia_button_icon_left avia-iconfont avia-font-entypo-fontello' data-av_icon='\ue821' data-av_iconfont='entypo-fontello' ><\/span><span class='avia_iconbox_title' >Homepage<\/span><\/a><\/div>\n","protected":false},"excerpt":{"rendered":"","protected":false},"author":1,"featured_media":0,"parent":0,"menu_order":0,"comment_status":"closed","ping_status":"closed","template":"","meta":{"footnotes":""},"class_list":["post-6426","page","type-page","status-publish","hentry"],"_links":{"self":[{"href":"https:\/\/xhyra-entorf.de\/sq\/wp-json\/wp\/v2\/pages\/6426","targetHints":{"allow":["GET"]}}],"collection":[{"href":"https:\/\/xhyra-entorf.de\/sq\/wp-json\/wp\/v2\/pages"}],"about":[{"href":"https:\/\/xhyra-entorf.de\/sq\/wp-json\/wp\/v2\/types\/page"}],"author":[{"embeddable":true,"href":"https:\/\/xhyra-entorf.de\/sq\/wp-json\/wp\/v2\/users\/1"}],"replies":[{"embeddable":true,"href":"https:\/\/xhyra-entorf.de\/sq\/wp-json\/wp\/v2\/comments?post=6426"}],"version-history":[{"count":1,"href":"https:\/\/xhyra-entorf.de\/sq\/wp-json\/wp\/v2\/pages\/6426\/revisions"}],"predecessor-version":[{"id":9930,"href":"https:\/\/xhyra-entorf.de\/sq\/wp-json\/wp\/v2\/pages\/6426\/revisions\/9930"}],"wp:attachment":[{"href":"https:\/\/xhyra-entorf.de\/sq\/wp-json\/wp\/v2\/media?parent=6426"}],"curies":[{"name":"wp","href":"https:\/\/api.w.org\/{rel}","templated":true}]}}