{"id":6453,"date":"2021-12-04T15:17:46","date_gmt":"2021-12-04T14:17:46","guid":{"rendered":"https:\/\/xhyra-entorf.de\/?page_id=6453"},"modified":"2024-05-26T11:44:20","modified_gmt":"2024-05-26T09:44:20","slug":"albanisch-lernen","status":"publish","type":"page","link":"https:\/\/xhyra-entorf.de\/de\/albanisch-lernen\/","title":{"rendered":"Albanisch lernen mit Spa\u00df und Erfolg"},"content":{"rendered":"\n<style type=\"text\/css\" data-created_by=\"avia_inline_auto\" id=\"style-css-av-ln7rxrg8-edca06ad3a09cd7b49070ca58edf01bf\">\n#top .hr.hr-invisible.av-ln7rxrg8-edca06ad3a09cd7b49070ca58edf01bf{\nheight:50px;\n}\n<\/style>\n<div  class='hr av-ln7rxrg8-edca06ad3a09cd7b49070ca58edf01bf hr-invisible  avia-builder-el-0  el_before_av_heading  avia-builder-el-first '><span class='hr-inner '><span class=\"hr-inner-style\"><\/span><\/span><\/div>\n\n<style type=\"text\/css\" data-created_by=\"avia_inline_auto\" id=\"style-css-av-li95vitw-2297ee07cc6ff1b9183d654727f633ce\">\n#top .av-special-heading.av-li95vitw-2297ee07cc6ff1b9183d654727f633ce{\npadding-bottom:10px;\n}\nbody .av-special-heading.av-li95vitw-2297ee07cc6ff1b9183d654727f633ce .av-special-heading-tag .heading-char{\nfont-size:25px;\n}\n.av-special-heading.av-li95vitw-2297ee07cc6ff1b9183d654727f633ce .av-subheading{\nfont-size:15px;\n}\n<\/style>\n<div  class='av-special-heading av-li95vitw-2297ee07cc6ff1b9183d654727f633ce av-special-heading-h1  avia-builder-el-1  el_after_av_hr  el_before_av_hr '><h1 class='av-special-heading-tag '  itemprop=\"headline\"  ><span class=\"ez-toc-section\" id=\"Jonida_Xhyra-Entorf_Albanisch_lernen_mit_Spass_und_Erfolg\"><\/span>Jonida Xhyra-Entorf: Albanisch lernen mit Spa\u00df und Erfolg<span class=\"ez-toc-section-end\"><\/span><\/h1><div class=\"special-heading-border\"><div class=\"special-heading-inner-border\"><\/div><\/div><\/div>\n\n<style type=\"text\/css\" data-created_by=\"avia_inline_auto\" id=\"style-css-av-li95vo04-36bb3137a941bfe180d6df52ee06bcaa\">\n#top .hr.hr-invisible.av-li95vo04-36bb3137a941bfe180d6df52ee06bcaa{\nmargin-top:-20px;\nheight:1px;\n}\n<\/style>\n<div  class='hr av-li95vo04-36bb3137a941bfe180d6df52ee06bcaa hr-invisible  avia-builder-el-2  el_after_av_heading  el_before_av_one_fifth '><span class='hr-inner '><span class=\"hr-inner-style\"><\/span><\/span><\/div>\n\n<style type=\"text\/css\" data-created_by=\"avia_inline_auto\" id=\"style-css-av-tekken-f66aed0db01e1dab83e34bb3d9c84c8e\">\n.flex_column.av-tekken-f66aed0db01e1dab83e34bb3d9c84c8e{\nborder-radius:0px 0px 0px 0px;\npadding:0px 0px 0px 0px;\n}\n<\/style>\n<div  class='flex_column av-tekken-f66aed0db01e1dab83e34bb3d9c84c8e av_one_fifth  avia-builder-el-3  el_after_av_hr  el_before_av_two_third  first flex_column_div av-zero-column-padding  '     ><style type=\"text\/css\" data-created_by=\"avia_inline_auto\" id=\"style-css-av-kwtemtzp-66a2c57f8dcf04e66c9912d6ab47d65b\">\n.avia-image-container.av-kwtemtzp-66a2c57f8dcf04e66c9912d6ab47d65b img.avia_image{\nbox-shadow:none;\n}\n.avia-image-container.av-kwtemtzp-66a2c57f8dcf04e66c9912d6ab47d65b .av-image-caption-overlay-center{\ncolor:#ffffff;\n}\n<\/style>\n<div  class='avia-image-container av-kwtemtzp-66a2c57f8dcf04e66c9912d6ab47d65b av-styling- avia-align-center  avia-builder-el-4  avia-builder-el-no-sibling '   itemprop=\"image\" itemscope=\"itemscope\" itemtype=\"https:\/\/schema.org\/ImageObject\" ><div class=\"avia-image-container-inner\"><div class=\"avia-image-overlay-wrap\"><img decoding=\"async\" fetchpriority=\"high\" class='wp-image-6612 avia-img-lazy-loading-not-6612 avia_image ' src=\"https:\/\/xhyra-entorf.de\/wp-content\/uploads\/2021\/12\/Klasse-mit-Tafel-400px-1.jpg\" alt='Albanisch lernen mit Spa\u00df und Erfolg' title='Albanisch lernen mit Spa\u00df und Erfolg'  height=\"300\" width=\"400\"  itemprop=\"thumbnailUrl\" srcset=\"https:\/\/xhyra-entorf.de\/wp-content\/uploads\/2021\/12\/Klasse-mit-Tafel-400px-1.jpg 400w, https:\/\/xhyra-entorf.de\/wp-content\/uploads\/2021\/12\/Klasse-mit-Tafel-400px-1-300x225.jpg 300w\" sizes=\"(max-width: 400px) 100vw, 400px\" \/><\/div><\/div><\/div><\/div>\n\n<style type=\"text\/css\" data-created_by=\"avia_inline_auto\" id=\"style-css-av-4g8yg5-81048958c414b74f5ccebf205b31acb5\">\n.flex_column.av-4g8yg5-81048958c414b74f5ccebf205b31acb5{\nborder-radius:0px 0px 0px 0px;\npadding:0px 0px 0px 0px;\n}\n<\/style>\n<div  class='flex_column av-4g8yg5-81048958c414b74f5ccebf205b31acb5 av_two_third  avia-builder-el-5  el_after_av_one_fifth  el_before_av_hr  flex_column_div av-zero-column-padding  '     ><section  class='av_textblock_section av-34phsl-fc181a2bd225ee6bdbcf22c1fffd4701 '   itemscope=\"itemscope\" itemtype=\"https:\/\/schema.org\/CreativeWork\" ><div class='avia_textblock'  itemprop=\"text\" ><p><span style=\"font-size: x-large;\">Sie wollen mit Spa\u00df aber intensiv Albanisch lernen?<\/span><br \/>\nSie m\u00f6chten Albanisch mit Spa\u00df aber dennoch intensiv lernen? Unabh\u00e4ngig, ob sie die Sprachen beruflich oder privat einsetzen wollen, Sprache erh\u00f6ht die Integration und Intensivit\u00e4t einer Kommunikation. Ich habe in mehr als 25-Jahren Lehrerfahrung mein eigenes Konzept entwickelt, wie beides sehr gut kombiniert werden kann, versprochen!<\/p>\n<\/div><\/section><\/div>\n<style type=\"text\/css\" data-created_by=\"avia_inline_auto\" id=\"style-css-av-p6p3pb-710a71dd6ef6381ae067761b3776f9e0\">\n#top .hr.hr-invisible.av-p6p3pb-710a71dd6ef6381ae067761b3776f9e0{\nheight:20px;\n}\n<\/style>\n<div  class='hr av-p6p3pb-710a71dd6ef6381ae067761b3776f9e0 hr-invisible  avia-builder-el-7  el_after_av_two_third  el_before_av_one_full '><span class='hr-inner '><span class=\"hr-inner-style\"><\/span><\/span><\/div><\/p>\n\n<style type=\"text\/css\" data-created_by=\"avia_inline_auto\" id=\"style-css-av-nk5z7z-ef1fbe379f49b9fc7cc49d4f579ee678\">\n.flex_column.av-nk5z7z-ef1fbe379f49b9fc7cc49d4f579ee678{\nborder-radius:0px 0px 0px 0px;\npadding:0px 0px 0px 0px;\n}\n<\/style>\n<div  class='flex_column av-nk5z7z-ef1fbe379f49b9fc7cc49d4f579ee678 av_one_full  avia-builder-el-8  el_after_av_hr  el_before_av_hr  first flex_column_div av-zero-column-padding  '     ><section  class='av_textblock_section av-lwncrpvk-00b0318b958f41d249db5f70e90b5bf3 '   itemscope=\"itemscope\" itemtype=\"https:\/\/schema.org\/CreativeWork\" ><div class='avia_textblock'  itemprop=\"text\" ><div id=\"ez-toc-container\" class=\"ez-toc-v2_0_82_2 counter-hierarchy ez-toc-counter ez-toc-grey ez-toc-container-direction\">\n<div class=\"ez-toc-title-container\">\n<p class=\"ez-toc-title ez-toc-toggle\" style=\"cursor:pointer\">Inhalt<\/p>\n<span class=\"ez-toc-title-toggle\"><a href=\"#\" class=\"ez-toc-pull-right ez-toc-btn ez-toc-btn-xs ez-toc-btn-default ez-toc-toggle\" aria-label=\"Toggle Table of Content\"><span class=\"ez-toc-js-icon-con\"><span class=\"\"><span class=\"eztoc-hide\" style=\"display:none;\">Toggle<\/span><span class=\"ez-toc-icon-toggle-span\"><svg style=\"fill: #999;color:#999\" xmlns=\"http:\/\/www.w3.org\/2000\/svg\" class=\"list-377408\" width=\"20px\" height=\"20px\" viewBox=\"0 0 24 24\" fill=\"none\"><path d=\"M6 6H4v2h2V6zm14 0H8v2h12V6zM4 11h2v2H4v-2zm16 0H8v2h12v-2zM4 16h2v2H4v-2zm16 0H8v2h12v-2z\" fill=\"currentColor\"><\/path><\/svg><svg style=\"fill: #999;color:#999\" class=\"arrow-unsorted-368013\" xmlns=\"http:\/\/www.w3.org\/2000\/svg\" width=\"10px\" height=\"10px\" viewBox=\"0 0 24 24\" version=\"1.2\" baseProfile=\"tiny\"><path d=\"M18.2 9.3l-6.2-6.3-6.2 6.3c-.2.2-.3.4-.3.7s.1.5.3.7c.2.2.4.3.7.3h11c.3 0 .5-.1.7-.3.2-.2.3-.5.3-.7s-.1-.5-.3-.7zM5.8 14.7l6.2 6.3 6.2-6.3c.2-.2.3-.5.3-.7s-.1-.5-.3-.7c-.2-.2-.4-.3-.7-.3h-11c-.3 0-.5.1-.7.3-.2.2-.3.5-.3.7s.1.5.3.7z\"\/><\/svg><\/span><\/span><\/span><\/a><\/span><\/div>\n<nav><ul class='ez-toc-list ez-toc-list-level-1 ' ><li class='ez-toc-page-1 ez-toc-heading-level-1'><a class=\"ez-toc-link ez-toc-heading-1\" href=\"https:\/\/xhyra-entorf.de\/de\/albanisch-lernen\/#Jonida_Xhyra-Entorf_Albanisch_lernen_mit_Spass_und_Erfolg\">Jonida Xhyra-Entorf: Albanisch lernen mit Spa\u00df und Erfolg<\/a><ul class='ez-toc-list-level-2' ><li class='ez-toc-heading-level-2'><a class=\"ez-toc-link ez-toc-heading-2\" href=\"https:\/\/xhyra-entorf.de\/de\/albanisch-lernen\/#Welche_Besonderheiten_biete_ich_meinen_Kunden\">Welche Besonderheiten biete ich meinen Kunden?<\/a><\/li><li class='ez-toc-page-1 ez-toc-heading-level-2'><a class=\"ez-toc-link ez-toc-heading-3\" href=\"https:\/\/xhyra-entorf.de\/de\/albanisch-lernen\/#Wie_sehen_meine_Sprachkurse_aus\">Wie sehen meine Sprachkurse aus?<\/a><\/li><li class='ez-toc-page-1 ez-toc-heading-level-2'><a class=\"ez-toc-link ez-toc-heading-4\" href=\"https:\/\/xhyra-entorf.de\/de\/albanisch-lernen\/#Biete_ich_auch_e-Learning_an\">Biete ich auch e-Learning an?<\/a><\/li><\/ul><\/li><\/ul><\/nav><\/div>\n\n<\/div><\/section><\/div>\n<style type=\"text\/css\" data-created_by=\"avia_inline_auto\" id=\"style-css-av-b6wygv-44aa79e56da819d3c6a8fe800fe1229f\">\n#top .hr.hr-invisible.av-b6wygv-44aa79e56da819d3c6a8fe800fe1229f{\nheight:20px;\n}\n<\/style>\n<div  class='hr av-b6wygv-44aa79e56da819d3c6a8fe800fe1229f hr-invisible'><span class='hr-inner '><span class=\"hr-inner-style\"><\/span><\/span><\/div><\/p>\n\n<style type=\"text\/css\" data-created_by=\"avia_inline_auto\" id=\"style-css-av-8i7ayn-43cf2a9aa4a2c25f00b3e60db110549e\">\n.flex_column.av-8i7ayn-43cf2a9aa4a2c25f00b3e60db110549e{\nborder-radius:0px 0px 0px 0px;\npadding:0px 0px 0px 0px;\n}\n<\/style>\n<div  class='flex_column av-8i7ayn-43cf2a9aa4a2c25f00b3e60db110549e av_one_full first flex_column_div av-zero-column-padding  '     ><section  class='av_textblock_section av-7g5x4f-be774c24baae39e1983955f920d27072 '   itemscope=\"itemscope\" itemtype=\"https:\/\/schema.org\/CreativeWork\" ><div class='avia_textblock'  itemprop=\"text\" ><h2 id=\"SprAnbieten\"><span class=\"ez-toc-section\" id=\"Welche_Besonderheiten_biete_ich_meinen_Kunden\"><\/span>Welche Besonderheiten biete ich meinen Kunden?<span class=\"ez-toc-section-end\"><\/span><\/h2>\n<\/div><\/section><br \/>\n<section  class='av_textblock_section av-5au52n-8a448a9df3596893fcac27a2f3e7ac83 '   itemscope=\"itemscope\" itemtype=\"https:\/\/schema.org\/CreativeWork\" ><div class='avia_textblock'  itemprop=\"text\" ><ul>\n<li>Vermittlung der Sprache in Zuammenhang mit der notwendigen interkulturellen Kompetenz<\/li>\n<li>Optimale <strong>Vorbereitung auf die Pr\u00fcfungen<\/strong> Deutsch A1\/A2, B1\/B2, C1\/C2 und B2-C1 Medizin, weil ich selbst als Pr\u00fcferin t\u00e4tig bin<\/li>\n<li><strong>Gruppen- oder Einzelunterricht<\/strong> m\u00f6glich<\/li>\n<li>Mit oder ohne Vorkenntnisse, auch Auffrischungen m\u00f6glich<\/li>\n<li><strong>Individuell anpassbar<\/strong> in Inhalt, Umfang und Geschwindigkeit<\/li>\n<li><strong>Video-Kurse<\/strong> sind m\u00f6glich, Einsatz von modernen Pr\u00e4sentationsmedien und Whiteboard inklusive.<\/li>\n<li>Als in Deutschland promoviere Sprachwissenschaftlerin (Schwerpunkt Semantik) habe ich sowohl <strong>sprachlich als auch didaktisch eine sehr gute Ausbildung<\/strong><\/li>\n<li>Vom BAMF <strong>zertifizierte Sprachlehrerin<\/strong> f\u00fcr Deutsch im Integrationskurs<\/li>\n<li><strong>Langj\u00e4hrige Erfahrungen<\/strong> in verschiedenen europ\u00e4ischen Universit\u00e4ten, Volkshochschulen und privat<\/li>\n<li>Assistenzprofessor an der Universit\u00e4t Elbasan\/Albanien<\/li>\n<\/ul>\n<\/div><\/section><br \/>\n<section  class='av_textblock_section av-422cdr-8b07c8c75e42ff383522acc4f535b91d '   itemscope=\"itemscope\" itemtype=\"https:\/\/schema.org\/CreativeWork\" ><div class='avia_textblock'  itemprop=\"text\" ><h2 id=\"SprKurse\"><span class=\"ez-toc-section\" id=\"Wie_sehen_meine_Sprachkurse_aus\"><\/span>Wie sehen meine Sprachkurse aus?<span class=\"ez-toc-section-end\"><\/span><\/h2>\n<\/div><\/section><br \/>\n<section  class='av_textblock_section av-2aytov-f96dba1fe7e214d3325985531c9b0358 '   itemscope=\"itemscope\" itemtype=\"https:\/\/schema.org\/CreativeWork\" ><div class='avia_textblock'  itemprop=\"text\" ><p>In meinem Sprachunterricht werden sowohl aktive Kenntnisse (das Sprechen selbst) als auch passive Kenntnisse (das Verst\u00e4ndnis) vermittelt und intensiviert. Dieses erfolgt nicht im klassischen Frontalunterricht, sondern in modernen Lehrformen mit Gruppen\u00fcbungen, interaktiven Elementen, dem Einsatz zeitgem\u00e4\u00dfer Medien und dem notwendigen Spa\u00df. Je nach Kenntnisstand wird der Unterricht unter Zuhilfenahme von Lehrb\u00fcchern, ausgew\u00e4hlten Texten und audiovisuellen Lehrmitteln sowie von selbst-konzipiertem Lehrmaterial gestaltet. Der Kursinhalt und die Unterrichtsfrequenz werden konkret den individuellen Bed\u00fcrfnissen und Zielen der Interessenten (seien sie Einzelpersonen oder kleine Gruppen) angepasst. Und da Sprachen lernen den Schl\u00fcssel zu einer Kultur darstellt, bekommen Sie von mir nat\u00fcrlich auch Einblicke in die Kultur und Geschichte des Landes und Tipps zur Vermeidung der interkulturellen Fettn\u00e4pfchen.<\/p>\n<\/div><\/section><br \/>\n<section  class='av_textblock_section av-kmz6lcw1-d70efd40be68422d4d8fee077afb1a0a '   itemscope=\"itemscope\" itemtype=\"https:\/\/schema.org\/CreativeWork\" ><div class='avia_textblock'  itemprop=\"text\" ><h2><span class=\"ez-toc-section\" id=\"Biete_ich_auch_e-Learning_an\"><\/span>Biete ich auch e-Learning an?<span class=\"ez-toc-section-end\"><\/span><\/h2>\n<\/div><\/section><br \/>\n<section  class='av_textblock_section av-kmz6lniy-69f1839e4e889b70afbd963d406ff921 '   itemscope=\"itemscope\" itemtype=\"https:\/\/schema.org\/CreativeWork\" ><div class='avia_textblock'  itemprop=\"text\" ><p>Ja, denn E-Learning erm\u00f6glicht ein flexibles Lernen und eignet sich sehr gut sowohl f\u00fcr Anf\u00e4nger als auch f\u00fcr Fortgeschrittene. Durch die Vermittlung der Kompetenzen im Umgang mit neuen, interaktiven Medien wird Abwechslung und Spa\u00df in den Lernprozess gebracht. Der Unterricht kann wunschgem\u00e4\u00df aus freier Konversation, Zeitungsartikeln oder aus von mir konzipiertem \u00dcbungsmaterial bestehen. Und Sie bekommen kein aufgezeichnetes Webinar zu sehen, sondern ich bin live f\u00fcr Sie da.<\/p>\n<p>Die Kommunikation kann wahlweise <em>via Skype<\/em> (<a href=\"https:\/\/www.skype.com\/\" target=\"_blank\" rel=\"noopener\">https:\/\/www.skype.com\/<\/a>), <em>Zoom <\/em>(<a href=\"https:\/\/www.zoom.us\/\" target=\"_blank\" rel=\"noopener\">https:\/\/www.zoom.us\/<\/a>) oder ihr eigenes Videosystem erfolgen. Durch den Einsatz von Chats und Whiteboard wird auch die schriftliche Form trainiert.<\/p>\n<\/div><\/section><\/p><\/div>\n<div  class='avia-button-wrap av-libvi2sp-6a3a26421c97180eddc0028090243243-wrap avia-button-center '><a href=\"https:\/\/xhyra-entorf.de\/de\/\" class=\"avia-button av-libvi2sp-6a3a26421c97180eddc0028090243243 av-link-btn avia-icon_select-yes-left-icon avia-size-small avia-position-center avia-color-theme-color\" aria-label=\"Zur\u00fcck zur Startseite\"><span class='avia_button_icon avia_button_icon_left avia-iconfont avia-font-entypo-fontello' data-av_icon='\ue821' data-av_iconfont='entypo-fontello' ><\/span><span class='avia_iconbox_title' >Zur\u00fcck zur Startseite<\/span><\/a><\/div>\n","protected":false},"excerpt":{"rendered":"","protected":false},"author":1,"featured_media":0,"parent":0,"menu_order":0,"comment_status":"closed","ping_status":"closed","template":"","meta":{"footnotes":""},"class_list":["post-6453","page","type-page","status-publish","hentry"],"_links":{"self":[{"href":"https:\/\/xhyra-entorf.de\/de\/wp-json\/wp\/v2\/pages\/6453","targetHints":{"allow":["GET"]}}],"collection":[{"href":"https:\/\/xhyra-entorf.de\/de\/wp-json\/wp\/v2\/pages"}],"about":[{"href":"https:\/\/xhyra-entorf.de\/de\/wp-json\/wp\/v2\/types\/page"}],"author":[{"embeddable":true,"href":"https:\/\/xhyra-entorf.de\/de\/wp-json\/wp\/v2\/users\/1"}],"replies":[{"embeddable":true,"href":"https:\/\/xhyra-entorf.de\/de\/wp-json\/wp\/v2\/comments?post=6453"}],"version-history":[{"count":3,"href":"https:\/\/xhyra-entorf.de\/de\/wp-json\/wp\/v2\/pages\/6453\/revisions"}],"predecessor-version":[{"id":10007,"href":"https:\/\/xhyra-entorf.de\/de\/wp-json\/wp\/v2\/pages\/6453\/revisions\/10007"}],"wp:attachment":[{"href":"https:\/\/xhyra-entorf.de\/de\/wp-json\/wp\/v2\/media?parent=6453"}],"curies":[{"name":"wp","href":"https:\/\/api.w.org\/{rel}","templated":true}]}}